{"id":157,"date":"2013-02-20T09:51:41","date_gmt":"2013-02-20T09:51:41","guid":{"rendered":"https:\/\/www.catalunyaplants.com\/cat\/?page_id=157"},"modified":"2023-05-05T13:32:01","modified_gmt":"2023-05-05T11:32:01","slug":"artificial","status":"publish","type":"page","link":"https:\/\/www.catalunyaplants.com\/cat\/artificial\/","title":{"rendered":"Venda de Flor i Planta artificial a Barcelona"},"content":{"rendered":"<p>[et_pb_section fb_built=&#8221;1&#8243; fullwidth=&#8221;on&#8221; _builder_version=&#8221;4.20.4&#8243; _module_preset=&#8221;default&#8221; global_colors_info=&#8221;{}&#8221;][et_pb_fullwidth_image src=&#8221;https:\/\/www.catalunyaplants.com\/cat\/wp-content\/uploads\/2023\/04\/plantes-i-flors-artificials-a-barcelona-1.webp&#8221; title_text=&#8221;Plantes i flors artificials&#8221; _builder_version=&#8221;4.21.0&#8243; _module_preset=&#8221;default&#8221; global_colors_info=&#8221;{}&#8221;][\/et_pb_fullwidth_image][\/et_pb_section][et_pb_section fb_built=&#8221;1&#8243; _builder_version=&#8221;4.20.4&#8243; _module_preset=&#8221;default&#8221; custom_margin=&#8221;0px||0px||false|false&#8221; custom_padding=&#8221;0px||0px||false|false&#8221; global_colors_info=&#8221;{}&#8221;][et_pb_row _builder_version=&#8221;4.20.4&#8243; _module_preset=&#8221;default&#8221; custom_margin=&#8221;25px||25px||false|false&#8221; global_colors_info=&#8221;{}&#8221;][et_pb_column type=&#8221;4_4&#8243; _builder_version=&#8221;4.20.4&#8243; _module_preset=&#8221;default&#8221; global_colors_info=&#8221;{}&#8221;][et_pb_text _builder_version=&#8221;4.21.0&#8243; _module_preset=&#8221;default&#8221; text_font=&#8221;Open Sans||||||||&#8221; text_font_size=&#8221;15px&#8221; text_line_height=&#8221;1.8em&#8221; header_font=&#8221;Montserrat|800||on|||||&#8221; header_text_align=&#8221;center&#8221; header_text_color=&#8221;#749b3e&#8221; text_orientation=&#8221;center&#8221; global_colors_info=&#8221;{}&#8221;]<\/p>\n<h1>Planta i flor artificial<\/h1>\n<p>Benvingut\/da a la nostra secci\u00f3 de planta i flor artificial. Aqu\u00ed trobar\u00e0s una \u00e0mplia selecci\u00f3 de <strong>productes d&#8217;alta qualitat<\/strong> que et permetran gaudir de la bellesa de la natura a casa teva o espai de treball sense haver de preocupar-te per la cura di\u00e0ria.<\/p>\n<p>[\/et_pb_text][\/et_pb_column][\/et_pb_row][et_pb_row column_structure=&#8221;3_5,2_5&#8243; use_custom_gutter=&#8221;on&#8221; gutter_width=&#8221;2&#8243; _builder_version=&#8221;4.20.4&#8243; _module_preset=&#8221;default&#8221; background_enable_color=&#8221;off&#8221; width=&#8221;100%&#8221; custom_margin=&#8221;0px||0px||false|false&#8221; custom_padding=&#8221;0px||25px||false|false&#8221; global_colors_info=&#8221;{}&#8221;][et_pb_column type=&#8221;3_5&#8243; _builder_version=&#8221;4.20.4&#8243; _module_preset=&#8221;default&#8221; global_colors_info=&#8221;{}&#8221;][et_pb_image src=&#8221;https:\/\/www.catalunyaplants.com\/cat\/wp-content\/uploads\/2023\/04\/plantes-artificials-barcelona.webp&#8221; title_text=&#8221;Plantes i flors artificials&#8221; _builder_version=&#8221;4.21.0&#8243; _module_preset=&#8221;default&#8221; box_shadow_style=&#8221;preset3&#8243; global_colors_info=&#8221;{}&#8221;][\/et_pb_image][\/et_pb_column][et_pb_column type=&#8221;2_5&#8243; _builder_version=&#8221;4.20.4&#8243; _module_preset=&#8221;default&#8221; global_colors_info=&#8221;{}&#8221;][et_pb_text _builder_version=&#8221;4.21.0&#8243; _module_preset=&#8221;default&#8221; text_font=&#8221;Open Sans||||||||&#8221; text_orientation=&#8221;justified&#8221; width=&#8221;87%&#8221; custom_margin=&#8221;60px||||false|false&#8221; global_colors_info=&#8221;{}&#8221;]<\/p>\n<p>Des de <strong>plantes verdes<\/strong> i<strong> arbres d&#8217;interior<\/strong> fins a <strong>rams de flors<\/strong> i <strong>garlandes<\/strong>, tenim tot all\u00f2 que necessites per crear una decoraci\u00f3 impressionant i duradora.<\/p>\n<p>Els nostres productes estan dissenyats amb <strong>materials de primera qualitat<\/strong> per oferir-te <strong>l&#8217;aparen\u00e7a m\u00e9s realista possible<\/strong> i estan disponibles en una \u00e0mplia varietat de mides i estils per adaptar-se a qualsevol decoraci\u00f3.<\/p>\n<p>[\/et_pb_text][\/et_pb_column][\/et_pb_row][et_pb_row column_structure=&#8221;2_5,3_5&#8243; use_custom_gutter=&#8221;on&#8221; gutter_width=&#8221;2&#8243; _builder_version=&#8221;4.20.4&#8243; _module_preset=&#8221;default&#8221; width=&#8221;100%&#8221; custom_margin=&#8221;25px||||false|false&#8221; custom_padding=&#8221;||50px||false|false&#8221; global_colors_info=&#8221;{}&#8221;][et_pb_column type=&#8221;2_5&#8243; _builder_version=&#8221;4.20.4&#8243; _module_preset=&#8221;default&#8221; global_colors_info=&#8221;{}&#8221;][et_pb_text _builder_version=&#8221;4.21.0&#8243; _module_preset=&#8221;default&#8221; text_font=&#8221;Open Sans||||||||&#8221; text_orientation=&#8221;right&#8221; width=&#8221;87%&#8221; module_alignment=&#8221;right&#8221; custom_margin=&#8221;50px||||false|false&#8221; global_colors_info=&#8221;{}&#8221;]<\/p>\n<p>Disposem de:<\/p>\n<p><strong>Rams.<\/strong><br \/><strong>Fulles.<\/strong><br \/><strong>Flors en test.<\/strong><br \/><strong>Plantes d\u2019interior.<\/strong><br \/><strong>Plantes penjants.<\/strong><br \/><strong>Bonsais.<\/strong><br \/><strong>Plantes d\u2019interior per a empreses i oficines.<\/strong><br \/><strong>Cat\u00e0leg de nadal.<\/strong><br \/><strong>Complements.<\/strong><\/p>\n<p>[\/et_pb_text][\/et_pb_column][et_pb_column type=&#8221;3_5&#8243; _builder_version=&#8221;4.20.4&#8243; _module_preset=&#8221;default&#8221; global_colors_info=&#8221;{}&#8221;][et_pb_image src=&#8221;https:\/\/www.catalunyaplants.com\/cat\/wp-content\/uploads\/2023\/04\/planta-flor-artificial-barcelona.webp&#8221; title_text=&#8221;Planta i flor artificial&#8221; _builder_version=&#8221;4.21.0&#8243; _module_preset=&#8221;default&#8221; box_shadow_style=&#8221;preset3&#8243; global_colors_info=&#8221;{}&#8221;][\/et_pb_image][\/et_pb_column][\/et_pb_row][et_pb_row column_structure=&#8221;3_5,2_5&#8243; use_custom_gutter=&#8221;on&#8221; gutter_width=&#8221;2&#8243; _builder_version=&#8221;4.20.4&#8243; _module_preset=&#8221;default&#8221; background_enable_color=&#8221;off&#8221; width=&#8221;100%&#8221; custom_margin=&#8221;25px||0px||false|false&#8221; custom_padding=&#8221;0px||0px||false|false&#8221; global_colors_info=&#8221;{}&#8221;][et_pb_column type=&#8221;3_5&#8243; _builder_version=&#8221;4.20.4&#8243; _module_preset=&#8221;default&#8221; global_colors_info=&#8221;{}&#8221;][et_pb_image src=&#8221;https:\/\/www.catalunyaplants.com\/cat\/wp-content\/uploads\/2023\/04\/plante-flors-artificials-barcelona.webp&#8221; title_text=&#8221;Plantes i flors artificials&#8221; _builder_version=&#8221;4.21.0&#8243; _module_preset=&#8221;default&#8221; box_shadow_style=&#8221;preset3&#8243; global_colors_info=&#8221;{}&#8221;][\/et_pb_image][\/et_pb_column][et_pb_column type=&#8221;2_5&#8243; _builder_version=&#8221;4.20.4&#8243; _module_preset=&#8221;default&#8221; global_colors_info=&#8221;{}&#8221;][et_pb_image src=&#8221;https:\/\/www.catalunyaplants.com\/cat\/wp-content\/uploads\/2017\/04\/tour-virtual-banner-cat.jpg&#8221; title_text=&#8221;tour-virtual-banner-cat&#8221; url=&#8221;https:\/\/www.google.es\/maps\/@41.3916116,2.0165839,3a,75y,207.31h,79.26t\/data=!3m6!1e1!3m4!1sAF1QipN9YuyH98E6Ldyfb75f8NsJocffVgt5x-C0qfE8!2e10!7i13312!8i6656&#8243; url_new_window=&#8221;on&#8221; _builder_version=&#8221;4.20.4&#8243; _module_preset=&#8221;default&#8221; width=&#8221;60%&#8221; max_width=&#8221;100%&#8221; module_alignment=&#8221;left&#8221; custom_margin=&#8221;10px||||false|false&#8221; global_colors_info=&#8221;{}&#8221;][\/et_pb_image][\/et_pb_column][\/et_pb_row][et_pb_row _builder_version=&#8221;4.20.4&#8243; _module_preset=&#8221;default&#8221; custom_margin=&#8221;25px||||false|false&#8221; global_colors_info=&#8221;{}&#8221;][et_pb_column type=&#8221;4_4&#8243; _builder_version=&#8221;4.20.4&#8243; _module_preset=&#8221;default&#8221; global_colors_info=&#8221;{}&#8221;][et_pb_text _builder_version=&#8221;4.20.4&#8243; _module_preset=&#8221;default&#8221; text_font=&#8221;Open Sans||||||||&#8221; text_font_size=&#8221;15px&#8221; text_line_height=&#8221;1.8em&#8221; text_orientation=&#8221;center&#8221; global_colors_info=&#8221;{}&#8221;]<\/p>\n<p><strong>Esperem la vostra visita.<\/strong><\/p>\n<p>I recorda que, tamb\u00e9, pots comprar plantes i tot el que necessites per la teva terrassa i jard\u00ed, a la nostra botiga online <strong><a href=\"http:\/\/www.gardenencasa.es\" target=\"_blank\" rel=\"noopener\">www.gardenencasa.es<\/a><\/strong> y te les portem a casa teva.<\/p>\n<p>[\/et_pb_text][\/et_pb_column][\/et_pb_row][et_pb_row _builder_version=&#8221;4.20.4&#8243; _module_preset=&#8221;default&#8221; custom_margin=&#8221;||0px||false|false&#8221; custom_padding=&#8221;||0px||false|false&#8221; global_colors_info=&#8221;{}&#8221;][et_pb_column type=&#8221;4_4&#8243; _builder_version=&#8221;4.20.4&#8243; _module_preset=&#8221;default&#8221; global_colors_info=&#8221;{}&#8221;][et_pb_divider _builder_version=&#8221;4.20.4&#8243; _module_preset=&#8221;default&#8221; global_colors_info=&#8221;{}&#8221;][\/et_pb_divider][\/et_pb_column][\/et_pb_row][\/et_pb_section][et_pb_section fb_built=&#8221;1&#8243; _builder_version=&#8221;4.14.5&#8243; _module_preset=&#8221;default&#8221; custom_margin=&#8221;0px||0px||false|false&#8221; custom_padding=&#8221;0px||||false|false&#8221; global_module=&#8221;8404&#8243; saved_tabs=&#8221;all&#8221; global_colors_info=&#8221;{}&#8221;][et_pb_row column_structure=&#8221;1_4,1_4,1_4,1_4&#8243; _builder_version=&#8221;4.21.0&#8243; _module_preset=&#8221;default&#8221; global_colors_info=&#8221;{}&#8221;][et_pb_column type=&#8221;1_4&#8243; _builder_version=&#8221;4.16&#8243; _module_preset=&#8221;default&#8221; custom_padding=&#8221;||5px||false|false&#8221; border_color_right=&#8221;#d3d3d3&#8243; box_shadow_style=&#8221;preset3&#8243; global_colors_info=&#8221;{}&#8221;][et_pb_blurb title=&#8221;Botiga online&#8221; image=&#8221;https:\/\/www.catalunyaplants.com\/cat\/wp-content\/uploads\/2023\/02\/comandes-gardenencasa.jpg&#8221; _builder_version=&#8221;4.21.0&#8243; _module_preset=&#8221;default&#8221; header_font=&#8221;Pragati Narrow|700||on|||||&#8221; header_text_align=&#8221;center&#8221; header_text_color=&#8221;#d18038&#8243; header_font_size=&#8221;26px&#8221; body_font=&#8221;||||||||&#8221; body_text_align=&#8221;center&#8221; body_font_size=&#8221;16px&#8221; body_line_height=&#8221;1.4em&#8221; text_orientation=&#8221;center&#8221; module_alignment=&#8221;center&#8221; custom_margin=&#8221;||10px||false|false&#8221; custom_padding=&#8221;||0px|0px|false|false&#8221; animation=&#8221;off&#8221; global_colors_info=&#8221;{}&#8221;]<\/p>\n<p>Fes la teva <a href=\"https:\/\/gardenencasa.es\/\" target=\"_blank\" rel=\"noopener\"><strong>comanda online<\/strong><\/a>\u00a0 \u00a0i t\u00b4ho portem a casa.<\/p>\n<p>[\/et_pb_blurb][et_pb_icon font_icon=&#8221;&#xe07a;||divi||400&#8243; icon_width=&#8221;80px&#8221; url=&#8221;https:\/\/gardenencasa.es\/&#8221; url_new_window=&#8221;on&#8221; _builder_version=&#8221;4.16&#8243; _module_preset=&#8221;default&#8221; custom_margin=&#8221;0px||10px||false|false&#8221; custom_padding=&#8221;0px||0px||false|false&#8221; global_colors_info=&#8221;{}&#8221;][\/et_pb_icon][\/et_pb_column][et_pb_column type=&#8221;1_4&#8243; _builder_version=&#8221;4.16&#8243; _module_preset=&#8221;default&#8221; custom_padding=&#8221;0px||10px||false|false&#8221; box_shadow_style=&#8221;preset3&#8243; global_colors_info=&#8221;{}&#8221;][et_pb_blurb title=&#8221;Targeta PetFood&#8221; image=&#8221;https:\/\/www.catalunyaplants.com\/cat\/wp-content\/uploads\/2023\/02\/targeta-petfood-estalvi.webp&#8221; _builder_version=&#8221;4.21.0&#8243; _module_preset=&#8221;default&#8221; header_font=&#8221;Pragati Narrow|700||on|||||&#8221; header_text_align=&#8221;center&#8221; header_text_color=&#8221;#d18038&#8243; header_font_size=&#8221;25px&#8221; body_font=&#8221;||||||||&#8221; body_text_align=&#8221;center&#8221; body_font_size=&#8221;15px&#8221; body_line_height=&#8221;1.4em&#8221; custom_margin=&#8221;||20px||false|false&#8221; custom_padding=&#8221;||0px||false|false&#8221; animation=&#8221;off&#8221; global_colors_info=&#8221;{}&#8221;]<\/p>\n<p>Et <strong>regalem un sac de pinso<\/strong> amb la targeta PetFood Estalvi.<\/p>\n<p>Sol\u00b7licita-la a caixa.\u00a0\u00c9s gratis!<\/p>\n<p>[\/et_pb_blurb][et_pb_button button_url=&#8221;https:\/\/www.catalunyaplants.com\/consigue-gratis-la-tarjeta-petfood-y-te-regalamos-un-saco-de-pienso\/&#8221; button_text=&#8221;M\u00e9s informaci\u00f3&#8221; button_alignment=&#8221;center&#8221; _builder_version=&#8221;4.16&#8243; _module_preset=&#8221;default&#8221; custom_button=&#8221;on&#8221; button_text_size=&#8221;16px&#8221; button_border_radius=&#8221;0px&#8221; button_font=&#8221;|600|||||||&#8221; button_icon=&#8221;&#xe07e;||divi||400&#8243; button_on_hover=&#8221;off&#8221; custom_margin=&#8221;0px||9px||false|false&#8221; custom_padding=&#8221;2px||2px||false|false&#8221; global_colors_info=&#8221;{}&#8221;][\/et_pb_button][\/et_pb_column][et_pb_column type=&#8221;1_4&#8243; _builder_version=&#8221;4.16&#8243; _module_preset=&#8221;default&#8221; custom_padding=&#8221;||10px||false|false&#8221; box_shadow_style=&#8221;preset3&#8243; global_colors_info=&#8221;{}&#8221;][et_pb_image src=&#8221;https:\/\/www.catalunyaplants.com\/cat\/wp-content\/uploads\/2022\/11\/portada-revista-verdeesvida.jpg&#8221; title_text=&#8221;portada-revista-verdeesvida&#8221; _builder_version=&#8221;4.16&#8243; _module_preset=&#8221;default&#8221; custom_margin=&#8221;||15px||false|false&#8221; custom_padding=&#8221;||0px||false|false&#8221; global_colors_info=&#8221;{}&#8221;][\/et_pb_image][et_pb_button button_url=&#8221;http:\/\/verdeesvida.es\/revistas\/revista97\/&#8221; url_new_window=&#8221;on&#8221; button_text=&#8221;Descarregar&#8221; button_alignment=&#8221;center&#8221; _builder_version=&#8221;4.16&#8243; _module_preset=&#8221;default&#8221; custom_button=&#8221;on&#8221; button_text_size=&#8221;16px&#8221; button_border_radius=&#8221;0px&#8221; button_font=&#8221;|600|||||||&#8221; button_icon=&#8221;&#xe07e;||divi||400&#8243; button_on_hover=&#8221;off&#8221; custom_margin=&#8221;0px||7px||false|false&#8221; custom_padding=&#8221;2px||2px||false|false&#8221; global_colors_info=&#8221;{}&#8221;][\/et_pb_button][\/et_pb_column][et_pb_column type=&#8221;1_4&#8243; _builder_version=&#8221;4.16&#8243; _module_preset=&#8221;default&#8221; global_colors_info=&#8221;{}&#8221;][et_pb_image src=&#8221;https:\/\/www.catalunyaplants.com\/cat\/wp-content\/uploads\/2017\/04\/tour-virtual-banner-cat.jpg&#8221; title_text=&#8221;tour-virtual-banner-cat&#8221; url=&#8221;https:\/\/www.google.es\/maps\/@41.3917134,2.016482,3a,75y,239.23h,79.28t\/data=!3m6!1e1!3m4!1sAF1QipP5yioL7xSEnZGRorSYOwqAsbHBtPLj3oh6jssc!2e10!7i13312!8i6656&#8243; url_new_window=&#8221;on&#8221; _builder_version=&#8221;4.20.2&#8243; _module_preset=&#8221;default&#8221; global_colors_info=&#8221;{}&#8221;][\/et_pb_image][\/et_pb_column][\/et_pb_row][\/et_pb_section]<\/p>\n","protected":false},"excerpt":{"rendered":"<p>Planta i flor artificial Benvingut\/da a la nostra secci\u00f3 de planta i flor artificial. Aqu\u00ed trobar\u00e0s una \u00e0mplia selecci\u00f3 de productes d&#8217;alta qualitat que et permetran gaudir de la bellesa de la natura a casa teva o espai de treball sense haver de preocupar-te per la cura di\u00e0ria.Des de plantes verdes i arbres d&#8217;interior fins [&hellip;]<\/p>\n","protected":false},"author":4,"featured_media":0,"parent":0,"menu_order":0,"comment_status":"closed","ping_status":"closed","template":"","meta":{"_et_pb_use_builder":"on","_et_pb_old_content":"<h1>Flor i Planta artificial<\/h1>\r\nEn el nostre garden center disposem de la millor\u00a0<strong>flor i planta artificial<\/strong>\u00a0que puguis trobar actualment al mercat.\r\n\r\nEn el nostre ampli cat\u00e0leg trobar\u00e0s flors, plantes i arranjaments de tots les mides, colors i caracter\u00edstiques.\r\n\r\n<img class=\"alignnone size-full wp-image-4255\" src=\"https:\/\/www.catalunyaplants.com\/cat\/wp-content\/uploads\/2013\/02\/049_768_512.jpg\" alt=\"\" width=\"768\" height=\"512\">\r\n\r\nLa\u00a0<strong>qualitat<\/strong>\u00a0dels acabats i el\u00a0<strong>realisme<\/strong>\u00a0de les nostres plantes artificials s\u00f3n el secret del seu \u00e8xit.\u00a0Les nostres flors i plantes artificials s'han utilitzat en concursos professionals d'aparadorisme.\r\n\r\n<img class=\"alignnone size-full wp-image-4256\" src=\"https:\/\/www.catalunyaplants.com\/cat\/wp-content\/uploads\/2013\/02\/080_768_512.jpg\" alt=\"\" width=\"768\" height=\"512\">\r\n\r\n<img class=\"alignnone size-full wp-image-4257\" src=\"https:\/\/www.catalunyaplants.com\/cat\/wp-content\/uploads\/2013\/02\/081_768_512.jpg\" alt=\"\" width=\"768\" height=\"512\">\r\n\r\nDisposem de:\r\n<ul>\r\n \t<li><strong>Rams.<\/strong><\/li>\r\n \t<li><strong>Fulles.<\/strong><\/li>\r\n \t<li><strong>Flors en test.<\/strong><\/li>\r\n \t<li><strong>Plantes d'interior.<\/strong><\/li>\r\n \t<li><strong>Plantes penjants.<\/strong><\/li>\r\n \t<li><strong>Bonsais.<\/strong><\/li>\r\n \t<li><strong>Plantes d'interior ideals per a empreses i oficines.<\/strong><\/li>\r\n \t<li><strong>Cat\u00e0leg de nadal.<\/strong><\/li>\r\n \t<li><strong>Complements.<\/strong><\/li>\r\n<\/ul>\r\n\u00a0","_et_gb_content_width":"","ngg_post_thumbnail":0,"footnotes":""},"class_list":["post-157","page","type-page","status-publish","hentry"],"_links":{"self":[{"href":"https:\/\/www.catalunyaplants.com\/cat\/wp-json\/wp\/v2\/pages\/157","targetHints":{"allow":["GET"]}}],"collection":[{"href":"https:\/\/www.catalunyaplants.com\/cat\/wp-json\/wp\/v2\/pages"}],"about":[{"href":"https:\/\/www.catalunyaplants.com\/cat\/wp-json\/wp\/v2\/types\/page"}],"author":[{"embeddable":true,"href":"https:\/\/www.catalunyaplants.com\/cat\/wp-json\/wp\/v2\/users\/4"}],"replies":[{"embeddable":true,"href":"https:\/\/www.catalunyaplants.com\/cat\/wp-json\/wp\/v2\/comments?post=157"}],"version-history":[{"count":15,"href":"https:\/\/www.catalunyaplants.com\/cat\/wp-json\/wp\/v2\/pages\/157\/revisions"}],"predecessor-version":[{"id":9536,"href":"https:\/\/www.catalunyaplants.com\/cat\/wp-json\/wp\/v2\/pages\/157\/revisions\/9536"}],"wp:attachment":[{"href":"https:\/\/www.catalunyaplants.com\/cat\/wp-json\/wp\/v2\/media?parent=157"}],"curies":[{"name":"wp","href":"https:\/\/api.w.org\/{rel}","templated":true}]}}