{"id":220,"date":"2013-03-06T11:17:33","date_gmt":"2013-03-06T11:17:33","guid":{"rendered":"https:\/\/www.catalunyaplants.com\/cat\/?page_id=220"},"modified":"2020-01-30T18:47:23","modified_gmt":"2020-01-30T17:47:23","slug":"venda-de-boles-dolor-a-barcelona-distribuidor-oficial-mikados-yankee-candle","status":"publish","type":"page","link":"https:\/\/www.catalunyaplants.com\/cat\/venda-de-boles-dolor-a-barcelona-distribuidor-oficial-mikados-yankee-candle\/","title":{"rendered":"Venda de Boles d&#8217;olor a Barcelona &#8211; Distribu\u00efdor oficial &#8211; (Mikados, Yankee Candle)"},"content":{"rendered":"<h1>Boles d\u00b4Olor<\/h1>\n<p>Garden center Catalunya Plants \u00e9s distribu\u00efdor oficial de&nbsp;<strong>Boles d&#8217;Olor a Barcelona.<\/strong><\/p>\n<p><img loading=\"lazy\" decoding=\"async\" class=\"alignnone size-full wp-image-6431\" src=\"https:\/\/www.catalunyaplants.com\/cat\/wp-content\/uploads\/2020\/01\/fragancies-llar-boles-olor-venda-barcelona.jpg\" alt=\"Frag\u00e0ncies Llar de Boles d\u00b4Olor\" width=\"800\" height=\"450\" srcset=\"https:\/\/www.catalunyaplants.com\/cat\/wp-content\/uploads\/2020\/01\/fragancies-llar-boles-olor-venda-barcelona.jpg 800w, https:\/\/www.catalunyaplants.com\/cat\/wp-content\/uploads\/2020\/01\/fragancies-llar-boles-olor-venda-barcelona-300x169.jpg 300w, https:\/\/www.catalunyaplants.com\/cat\/wp-content\/uploads\/2020\/01\/fragancies-llar-boles-olor-venda-barcelona-768x432.jpg 768w\" sizes=\"(max-width: 800px) 100vw, 800px\" \/><\/p>\n<p>En la nostra \u00e0mplia secci\u00f3 de <strong>Boles d&#8217;Olor<\/strong> tenim a la venda:<\/p>\n<ul>\n<li><strong>Ess\u00e8ncies<\/strong><\/li>\n<li><strong>Mikados<\/strong><\/li>\n<li><strong>Sacs de perfum<\/strong><\/li>\n<li><strong>Mini resines<\/strong><\/li>\n<\/ul>\n<p><img loading=\"lazy\" decoding=\"async\" class=\"alignnone size-full wp-image-6432\" src=\"https:\/\/www.catalunyaplants.com\/cat\/wp-content\/uploads\/2020\/01\/perfums-llar-boles-olor-venda-barcelona.jpg\" alt=\"Perfums llar de Boles d\u00b4Olor\" width=\"800\" height=\"450\" srcset=\"https:\/\/www.catalunyaplants.com\/cat\/wp-content\/uploads\/2020\/01\/perfums-llar-boles-olor-venda-barcelona.jpg 800w, https:\/\/www.catalunyaplants.com\/cat\/wp-content\/uploads\/2020\/01\/perfums-llar-boles-olor-venda-barcelona-300x169.jpg 300w, https:\/\/www.catalunyaplants.com\/cat\/wp-content\/uploads\/2020\/01\/perfums-llar-boles-olor-venda-barcelona-768x432.jpg 768w\" sizes=\"(max-width: 800px) 100vw, 800px\" \/><\/p>\n<ul>\n<li><strong>Brumitzador de perfum<\/strong><\/li>\n<li><strong>Encens<\/strong><\/li>\n<li><strong>Yankee Candle<\/strong><\/li>\n<li><strong>Vacuum perfum<\/strong><\/li>\n<\/ul>\n<p><img loading=\"lazy\" decoding=\"async\" class=\"alignnone size-full wp-image-6433\" src=\"https:\/\/www.catalunyaplants.com\/cat\/wp-content\/uploads\/2020\/01\/esencies-llar-boles-olor-venda-barcelona.jpg\" alt=\"\" width=\"800\" height=\"1422\" srcset=\"https:\/\/www.catalunyaplants.com\/cat\/wp-content\/uploads\/2020\/01\/esencies-llar-boles-olor-venda-barcelona.jpg 800w, https:\/\/www.catalunyaplants.com\/cat\/wp-content\/uploads\/2020\/01\/esencies-llar-boles-olor-venda-barcelona-169x300.jpg 169w, https:\/\/www.catalunyaplants.com\/cat\/wp-content\/uploads\/2020\/01\/esencies-llar-boles-olor-venda-barcelona-576x1024.jpg 576w, https:\/\/www.catalunyaplants.com\/cat\/wp-content\/uploads\/2020\/01\/esencies-llar-boles-olor-venda-barcelona-768x1365.jpg 768w\" sizes=\"(max-width: 800px) 100vw, 800px\" \/><\/p>\n<p>&nbsp;<\/p>\n","protected":false},"excerpt":{"rendered":"<p>Boles d\u00b4Olor Garden center Catalunya Plants \u00e9s distribu\u00efdor oficial de&nbsp;Boles d&#8217;Olor a Barcelona. En la nostra \u00e0mplia secci\u00f3 de Boles d&#8217;Olor tenim a la venda: Ess\u00e8ncies Mikados Sacs de perfum Mini resines Brumitzador de perfum Encens Yankee Candle Vacuum perfum &nbsp;<\/p>\n","protected":false},"author":4,"featured_media":0,"parent":0,"menu_order":0,"comment_status":"closed","ping_status":"closed","template":"","meta":{"_et_pb_use_builder":"","_et_pb_old_content":"","_et_gb_content_width":"","ngg_post_thumbnail":0,"footnotes":""},"class_list":["post-220","page","type-page","status-publish","hentry"],"_links":{"self":[{"href":"https:\/\/www.catalunyaplants.com\/cat\/wp-json\/wp\/v2\/pages\/220","targetHints":{"allow":["GET"]}}],"collection":[{"href":"https:\/\/www.catalunyaplants.com\/cat\/wp-json\/wp\/v2\/pages"}],"about":[{"href":"https:\/\/www.catalunyaplants.com\/cat\/wp-json\/wp\/v2\/types\/page"}],"author":[{"embeddable":true,"href":"https:\/\/www.catalunyaplants.com\/cat\/wp-json\/wp\/v2\/users\/4"}],"replies":[{"embeddable":true,"href":"https:\/\/www.catalunyaplants.com\/cat\/wp-json\/wp\/v2\/comments?post=220"}],"version-history":[{"count":9,"href":"https:\/\/www.catalunyaplants.com\/cat\/wp-json\/wp\/v2\/pages\/220\/revisions"}],"predecessor-version":[{"id":6434,"href":"https:\/\/www.catalunyaplants.com\/cat\/wp-json\/wp\/v2\/pages\/220\/revisions\/6434"}],"wp:attachment":[{"href":"https:\/\/www.catalunyaplants.com\/cat\/wp-json\/wp\/v2\/media?parent=220"}],"curies":[{"name":"wp","href":"https:\/\/api.w.org\/{rel}","templated":true}]}}